{"id":91504,"date":"2020-11-19T17:07:00","date_gmt":"2020-11-19T16:07:00","guid":{"rendered":"https:\/\/nitid.com\/who-we-are\/management-team\/daniel-urena\/"},"modified":"2026-04-01T13:05:07","modified_gmt":"2026-04-01T11:05:07","slug":"daniel-urena","status":"publish","type":"page","link":"https:\/\/nitid.com\/en\/who-we-are\/management-team\/daniel-urena\/","title":{"rendered":"Daniel Ure\u00f1a"},"content":{"rendered":"<div class=\"wpb-content-wrapper\"><p>[vc_row row_height_percent=&#8221;0&#8243; override_padding=&#8221;yes&#8221; h_padding=&#8221;2&#8243; top_padding=&#8221;2&#8243; bottom_padding=&#8221;3&#8243; back_color=&#8221;color-xsdn&#8221; back_image=&#8221;90140&#8243; overlay_alpha=&#8221;50&#8243; gutter_size=&#8221;3&#8243; column_width_percent=&#8221;100&#8243; shift_y=&#8221;0&#8243; z_index=&#8221;0&#8243; enable_top_divider=&#8221;default&#8221; top_divider_inv=&#8221;step_1_2&#8243; shape_top_invert=&#8221;yes&#8221; shape_top_flip=&#8221;yes&#8221; shape_top_h_use_pixel=&#8221;true&#8221; shape_top_height_percent=&#8221;75&#8243; shape_top_color=&#8221;color-123905&#8243; shape_top_opacity=&#8221;100&#8243; shape_top_index=&#8221;0&#8243; uncode_shortcode_id=&#8221;175467&#8243; back_color_type=&#8221;uncode-palette&#8221; shape_top_color_type=&#8221;uncode-palette&#8221;][vc_column column_width_percent=&#8221;100&#8243; position_vertical=&#8221;middle&#8221; gutter_size=&#8221;3&#8243; overlay_alpha=&#8221;50&#8243; shift_x=&#8221;0&#8243; shift_y=&#8221;0&#8243; shift_y_down=&#8221;0&#8243; z_index=&#8221;0&#8243; medium_width=&#8221;0&#8243; mobile_width=&#8221;0&#8243; css_animation=&#8221;alpha-anim&#8221; animation_speed=&#8221;1000&#8243; width=&#8221;1\/1&#8243; uncode_shortcode_id=&#8221;780508&#8243;][vc_row_inner row_inner_height_percent=&#8221;0&#8243; overlay_alpha=&#8221;50&#8243; gutter_size=&#8221;3&#8243; shift_y=&#8221;0&#8243; z_index=&#8221;2&#8243; limit_content=&#8221;&#8221;][vc_column_inner column_width_percent=&#8221;100&#8243; gutter_size=&#8221;2&#8243; overlay_alpha=&#8221;50&#8243; shift_x=&#8221;0&#8243; shift_y=&#8221;0&#8243; shift_y_down=&#8221;0&#8243; z_index=&#8221;0&#8243; medium_width=&#8221;0&#8243; mobile_width=&#8221;0&#8243; width=&#8221;1\/1&#8243; uncode_shortcode_id=&#8221;223029&#8243;][vc_custom_heading text_color=&#8221;accent&#8221; heading_semantic=&#8221;h1&#8243; text_size=&#8221;&#8221; css_animation=&#8221;curtain&#8221; animation_speed=&#8221;1000&#8243; uncode_shortcode_id=&#8221;648911&#8243; text_color_type=&#8221;uncode-palette&#8221;]Daniel Ure\u00f1a[\/vc_custom_heading][vc_custom_heading text_color=&#8221;accent&#8221; heading_semantic=&#8221;h6&#8243; text_font=&#8221;font-642021&#8243; text_size=&#8221;&#8221; text_transform=&#8221;uppercase&#8221; text_space=&#8221;fontspace-210350&#8243; css_animation=&#8221;curtain&#8221; animation_speed=&#8221;1000&#8243; uncode_shortcode_id=&#8221;150799&#8243; text_color_type=&#8221;uncode-palette&#8221;]Founding Partner &amp; President[\/vc_custom_heading][vc_empty_space empty_h=&#8221;1&#8243; medium_visibility=&#8221;yes&#8221; mobile_visibility=&#8221;yes&#8221;][vc_raw_html]JTNDYSUyMGhyZWYlM0QlMjJodHRwcyUzQSUyRiUyRnR3aXR0ZXIuY29tJTJGZGFuaWVsdXJlbmElMjIlMjB0YXJnZXQlM0QlMjJfYmFuayUyMiUyMGNsYXNzJTNEJTIyZmElMjBmYS1zdGFjayUyMGZhLTF4JTIwYnRuLWFjY2VudCUyMGZhLXJvdW5kZWQlMjBidG4tb3V0bGluZSUyMGN1c3RvbS1saW5rJTIyJTIwc3R5bGUlM0QlMjJtYXJnaW4tcmlnaHQlM0ExMHB4JTNCJTIyJTNFJTNDaSUyMGNsYXNzJTNEJTIyZmElMjBmYS10d2l0dGVyJTIyJTNFJTNDJTJGaSUzRSUzQyUyRmElM0UlMEElM0NhJTIwaHJlZiUzRCUyMmh0dHBzJTNBJTJGJTJGZXMubGlua2VkaW4uY29tJTJGaW4lMkZkYW5pZWx1cmVuYSUyMiUyMHRhcmdldCUzRCUyMl9iYW5rJTIyY2xhc3MlM0QlMjJmYSUyMGZhLXN0YWNrJTIwZmEtMXglMjBidG4tYWNjZW50JTIwZmEtcm91bmRlZCUyMGJ0bi1vdXRsaW5lJTIwY3VzdG9tLWxpbmslMjIlM0UlM0NpJTIwY2xhc3MlM0QlMjJmYSUyMGZhLWxpbmtlZGluJTIyJTNFJTNDJTJGaSUzRSUzQyUyRmElM0UlMEElMEE=[\/vc_raw_html][\/vc_column_inner][\/vc_row_inner][vc_row_inner row_inner_height_percent=&#8221;0&#8243; overlay_alpha=&#8221;50&#8243; gutter_size=&#8221;3&#8243; shift_y=&#8221;0&#8243; z_index=&#8221;0&#8243; limit_content=&#8221;&#8221; uncode_shortcode_id=&#8221;955173&#8243;][vc_column_inner column_width_percent=&#8221;100&#8243; gutter_size=&#8221;4&#8243; overlay_alpha=&#8221;50&#8243; shift_x=&#8221;0&#8243; shift_y=&#8221;0&#8243; shift_y_down=&#8221;0&#8243; z_index=&#8221;0&#8243; medium_width=&#8221;4&#8243; mobile_width=&#8221;0&#8243; css_animation=&#8221;zoom-in&#8221; animation_speed=&#8221;1000&#8243; width=&#8221;1\/2&#8243; uncode_shortcode_id=&#8221;101460&#8243;][vc_single_image media=&#8221;84553&#8243; media_width_percent=&#8221;100&#8243; alignment=&#8221;center&#8221; css_animation=&#8221;bottom-t-top&#8221; animation_speed=&#8221;1000&#8243;][\/vc_column_inner][vc_column_inner column_width_percent=&#8221;100&#8243; position_vertical=&#8221;middle&#8221; gutter_size=&#8221;4&#8243; overlay_alpha=&#8221;50&#8243; shift_x=&#8221;0&#8243; shift_y=&#8221;0&#8243; shift_y_down=&#8221;0&#8243; z_index=&#8221;0&#8243; medium_width=&#8221;4&#8243; mobile_width=&#8221;0&#8243; parallax_intensity=&#8221;2&#8243; width=&#8221;1\/2&#8243; uncode_shortcode_id=&#8221;105998&#8243;][vc_custom_heading text_color=&#8221;color-123905&#8243; heading_semantic=&#8221;p&#8221; text_font=&#8221;font-642021&#8243; text_size=&#8221;fontsize-24px&#8221; text_height=&#8221;fontheight-289644&#8243; css_animation=&#8221;curtain&#8221; animation_speed=&#8221;800&#8243; animation_delay=&#8221;400&#8243; uncode_shortcode_id=&#8221;109771&#8243; text_color_type=&#8221;uncode-palette&#8221;]<\/p>\n<p class=\"p1\">Founding Partner &amp; President<\/p>\n<p>[\/vc_custom_heading][vc_button button_color=&#8221;color-xsdn&#8221; size=&#8221;btn-link&#8221; custom_typo=&#8221;yes&#8221; font_family=&#8221;font-642021&#8243; font_weight=&#8221;100&#8243; scale_mobile=&#8221;no&#8221; css_animation=&#8221;alpha-anim&#8221; animation_speed=&#8221;800&#8243; animation_delay=&#8221;600&#8243; icon=&#8221;fa fa-arrow-down2&#8243; uncode_shortcode_id=&#8221;370282&#8243; link=&#8221;url:%23bio&#8221; button_color_type=&#8221;uncode-palette&#8221;]Full Bio[\/vc_button][\/vc_column_inner][\/vc_row_inner][\/vc_column][\/vc_row][vc_row row_height_percent=&#8221;0&#8243; override_padding=&#8221;yes&#8221; h_padding=&#8221;2&#8243; top_padding=&#8221;3&#8243; bottom_padding=&#8221;3&#8243; back_color=&#8221;color-xsdn&#8221; overlay_alpha=&#8221;50&#8243; gutter_size=&#8221;0&#8243; column_width_percent=&#8221;100&#8243; shift_y=&#8221;0&#8243; z_index=&#8221;0&#8243; uncode_shortcode_id=&#8221;253798&#8243; back_color_type=&#8221;uncode-palette&#8221; row_name=&#8221;bio&#8221;][vc_column width=&#8221;1\/6&#8243;][\/vc_column][vc_column column_width_percent=&#8221;100&#8243; gutter_size=&#8221;0&#8243; overlay_alpha=&#8221;50&#8243; shift_x=&#8221;0&#8243; shift_y=&#8221;0&#8243; shift_y_down=&#8221;0&#8243; z_index=&#8221;0&#8243; medium_width=&#8221;0&#8243; mobile_width=&#8221;0&#8243; css_animation=&#8221;alpha-anim&#8221; animation_speed=&#8221;1000&#8243; animation_delay=&#8221;200&#8243; sticky=&#8221;yes&#8221; width=&#8221;5\/6&#8243;][vc_column_text uncode_shortcode_id=&#8221;148520&#8243;]Daniel Ure\u00f1a is the Founding Partner and President of NITID Corporate Affairs. He advises business and institutional leaders on navigating the political, regulatory and reputational environment, particularly across the Madrid\u2013Brussels\u2013Washington axis.<\/p>\n<p>He is a professor at Comillas Pontifical University ICADE, where he directs the Public Leadership Forum and the Postgraduate Programme in Public Affairs Management.<\/p>\n<p>Since 2014, he has led The Hispanic Council, a think tank that promotes and analyses relations between Spain and the United States. He is also Global Chair of the MORE Agencies Public Affairs network, which brings together more than 30 independent agencies across Europe, the United States and Latin America, with over 600 professionals.<\/p>\n<p>Throughout his career, he has worked in the corporate sphere for companies across a range of sectors, including energy, defence, telecommunications, food and healthcare, as well as in political communication with leaders, governments and political parties in more than 20 countries.<\/p>\n<p>He has served as President of the Political Communication Association (ACOP), Vice President of the European Association of Political Consultants (EAPC), and a member of the Board of Directors of ADECEC.<\/p>\n<p>For more than ten years, he directed in Spain the international Political Communication seminars of The George Washington University. He is co-author of works such as El lobby en Espa\u00f1a, \u00bfasignatura pendiente? and Comunicaci\u00f3n pol\u00edtica: nuevas din\u00e1micas y ciudadan\u00eda permanente.<\/p>\n<p>As a speaker, he has taken part in events hosted by institutions such as the Brookings Institution, Harvard University, the OSCE, the National Democratic Institute and the International Republican Institute, as well as by universities and international forums across Europe and the Americas.<\/p>\n<p>He has received a number of international awards, including The Holmes Report\u2019s Innovator 25, the Rising Star award from Campaigns &amp; Elections magazine, and several Pollie Awards from the American Association of Political Consultants (AAPC).<\/p>\n<p>He holds a degree in Journalism from the University of Navarra and has furthered his education at The George Washington University, IESE Business School, the University of Alcal\u00e1, ISDI and the Higher Centre for National Defence Studies (CESEDEN).[\/vc_column_text][vc_empty_space empty_h=&#8221;3&#8243;][vc_button size=&#8221;btn-link&#8221; icon=&#8221;fa fa-arrow-left4&#8243; link=&#8221;url:https%3A%2F%2Fnitid.com%2Fen%2Fwho-we-are%2Fmanagement-team%2F|title:Management%20Team&#8221; uncode_shortcode_id=&#8221;211750&#8243;]Back to Management Team[\/vc_button][\/vc_column][\/vc_row]<\/p>\n<\/div>","protected":false},"excerpt":{"rendered":"<p>[vc_row row_height_percent=&#8221;0&#8243; override_padding=&#8221;yes&#8221; h_padding=&#8221;2&#8243; top_padding=&#8221;2&#8243; bottom_padding=&#8221;3&#8243; back_color=&#8221;color-xsdn&#8221; back_image=&#8221;90140&#8243; overlay_alpha=&#8221;50&#8243; gutter_size=&#8221;3&#8243; column_width_percent=&#8221;100&#8243; shift_y=&#8221;0&#8243; z_index=&#8221;0&#8243; enable_top_divider=&#8221;default&#8221; top_divider_inv=&#8221;step_1_2&#8243; shape_top_invert=&#8221;yes&#8221; shape_top_flip=&#8221;yes&#8221; shape_top_h_use_pixel=&#8221;true&#8221; shape_top_height_percent=&#8221;75&#8243; shape_top_color=&#8221;color-123905&#8243; [&hellip;]<\/p>\n","protected":false},"author":2,"featured_media":84553,"parent":91496,"menu_order":0,"comment_status":"closed","ping_status":"closed","template":"","meta":{"_monsterinsights_skip_tracking":false,"_monsterinsights_sitenote_active":false,"_monsterinsights_sitenote_note":"","_monsterinsights_sitenote_category":0,"footnotes":""},"class_list":["post-91504","page","type-page","status-publish","has-post-thumbnail","hentry"],"aioseo_notices":[],"_links":{"self":[{"href":"https:\/\/nitid.com\/en\/wp-json\/wp\/v2\/pages\/91504","targetHints":{"allow":["GET"]}}],"collection":[{"href":"https:\/\/nitid.com\/en\/wp-json\/wp\/v2\/pages"}],"about":[{"href":"https:\/\/nitid.com\/en\/wp-json\/wp\/v2\/types\/page"}],"author":[{"embeddable":true,"href":"https:\/\/nitid.com\/en\/wp-json\/wp\/v2\/users\/2"}],"replies":[{"embeddable":true,"href":"https:\/\/nitid.com\/en\/wp-json\/wp\/v2\/comments?post=91504"}],"version-history":[{"count":3,"href":"https:\/\/nitid.com\/en\/wp-json\/wp\/v2\/pages\/91504\/revisions"}],"predecessor-version":[{"id":95301,"href":"https:\/\/nitid.com\/en\/wp-json\/wp\/v2\/pages\/91504\/revisions\/95301"}],"up":[{"embeddable":true,"href":"https:\/\/nitid.com\/en\/wp-json\/wp\/v2\/pages\/91496"}],"wp:featuredmedia":[{"embeddable":true,"href":"https:\/\/nitid.com\/en\/wp-json\/wp\/v2\/media\/84553"}],"wp:attachment":[{"href":"https:\/\/nitid.com\/en\/wp-json\/wp\/v2\/media?parent=91504"}],"curies":[{"name":"wp","href":"https:\/\/api.w.org\/{rel}","templated":true}]}}